{"id":204,"date":"2011-05-25T19:35:01","date_gmt":"2011-05-25T19:35:01","guid":{"rendered":"http:\/\/goldsparplan24.com\/blog\/?page_id=204"},"modified":"2021-02-14T02:03:59","modified_gmt":"2021-02-14T02:03:59","slug":"papiergeldanlagen-der-betrug","status":"publish","type":"page","link":"https:\/\/goldsparplan24.com\/blog\/papiergeldanlagen-der-betrug","title":{"rendered":"Das Problem und die L\u00f6sung"},"content":{"rendered":"<p>Der kleine Mann wird immer arm bleiben und sich niemals Wohlstand aufbauen. Warum? Weil er generell auf die Geldillusion des Zinses hereinf\u00e4llt und nicht den Zusammenhang zwischen &#8222;realen Zins&#8220; und &#8222;Zins&#8220; versteht.<\/p>\n<p>Da jede staatlich gef\u00f6rderte Anlage eine Rendite unter der der Inflation erzielt, kann klassisches Sparen somit nur Verlust bedeuten. Egal was wir nehmen, ob Bausparer, Kapitallebensversicherungen, Riester\/R\u00fcrup &#8211; alle erzielen eine Rendite weit unter der der Inflation. Generell liegt der Zins zwischen 2 bis 4%.<\/p>\n<p>Hier sehen Sie an der Grafik warum dieser Zins zur Geldvermehrung nicht reicht und nicht mal gro\u00df genug ist um die Inflation plus Steuern zu schlagen:<\/p>\n<div id=\"attachment_205\" style=\"width: 641px\" class=\"wp-caption alignnone\"><a href=\"https:\/\/goldsparplan24.com\/blog\/wp-content\/uploads\/2011\/05\/RenditeInflation3.jpg\"><img loading=\"lazy\" decoding=\"async\" aria-describedby=\"caption-attachment-205\" class=\"size-full wp-image-205\" title=\"wahre Rendite - nach Inflation und Steuern\" src=\"https:\/\/goldsparplan24.com\/blog\/wp-content\/uploads\/2011\/05\/RenditeInflation3.jpg\" alt=\"wahre Rendite - nach Inflation und Steuern\" width=\"631\" height=\"96\" srcset=\"https:\/\/goldsparplan24.com\/blog\/wp-content\/uploads\/2011\/05\/RenditeInflation3.jpg 631w, https:\/\/goldsparplan24.com\/blog\/wp-content\/uploads\/2011\/05\/RenditeInflation3-300x45.jpg 300w\" sizes=\"auto, (max-width: 631px) 100vw, 631px\" \/><\/a><p id=\"caption-attachment-205\" class=\"wp-caption-text\">wahre Rendite &#8211; nach Inflation und Steuern<\/p><\/div>\n<p>Wie Sie oben sehen, ben\u00f6tigen Sie mindestens 5% Zinsen pro Jahr nur um die Kaufkraft zu bewahren.<\/p>\n<p>Doch es kommt noch schlimmer, denn erstens ist die &#8222;offizielle Inflation&#8220; (Preisindex) nicht Ihre pers\u00f6nliche Inflation, d.h. mit &#8222;nur&#8220; 3% reden wir die Situation sch\u00f6ner als sie ist und zum anderen besteht aktuell die Gefahr, dass die Inflation enorm ansteigt und somit noch mehr von den Ersparnissen in diesen Anlagen vernichtet.<\/p>\n<p>Zudem besteht mit zunehmender Staatsverschuldung die Gefahr einer W\u00e4hrungsreform. Was dies in der Vergangenheit f\u00fcr Papiergeldsparer bedeutet hat, verdeutlicht die folgende Grafik:<\/p>\n<div id=\"attachment_206\" style=\"width: 353px\" class=\"wp-caption alignnone\"><a href=\"https:\/\/goldsparplan24.com\/blog\/wp-content\/uploads\/2011\/05\/golderh\u00e4ltverm\u00f6gen1.jpg\"><img loading=\"lazy\" decoding=\"async\" aria-describedby=\"caption-attachment-206\" class=\"size-full wp-image-206\" title=\"Papiergeldanlagen - immer wieder totale Enteignung\" src=\"https:\/\/goldsparplan24.com\/blog\/wp-content\/uploads\/2011\/05\/golderh\u00e4ltverm\u00f6gen1.jpg\" alt=\"Papiergeldanlagen - immer wieder totale Enteignung\" width=\"343\" height=\"236\" srcset=\"https:\/\/goldsparplan24.com\/blog\/wp-content\/uploads\/2011\/05\/golderh\u00e4ltverm\u00f6gen1.jpg 343w, https:\/\/goldsparplan24.com\/blog\/wp-content\/uploads\/2011\/05\/golderh\u00e4ltverm\u00f6gen1-300x206.jpg 300w\" sizes=\"auto, (max-width: 343px) 100vw, 343px\" \/><\/a><p id=\"caption-attachment-206\" class=\"wp-caption-text\">Papiergeldanlagen &#8211; immer wieder totale Enteignung<\/p><\/div>\n<p>Oben sehen Sie das &#8222;Sparer 1&#8220; (Papiergeldsparer) immer wieder alles verloren hat. Der &#8222;Sparer 2&#8220; (Edelmetallsparer) hingegen hat sein Verm\u00f6gen unabh\u00e4ngig von Inflation, W\u00e4hrungsreformen, Lastenausgleichsgesetz, Erm\u00e4chtigungsgesetz und anderer staatlicher Willk\u00fcr oder wirtschaftlicher Umst\u00e4nde immer weiter aufgebaut.<\/p>\n<p>Fakt &#8211; Papiergeldanlagen sind nicht mehr als legaler Betrug, sie gaukeln dem Sparer eine Wertsteigerung vor, erzielen allerdings nicht mehr als eine nominale Gelderh\u00f6hung, d.h. der Geldbetrag steigt aber die Kaufkraft erh\u00f6ht sich nicht, sondern verringert sich sogar. Verm\u00f6gen baut man also so nicht auf.<\/p>\n<p>Zudem sind diese Anlagen welche offiziell als sicher gelten, wie oben bereits bewiesen, alles andere als sicher, sondern hoch gef\u00e4hrlich.<\/p>\n<p>Doch dem nicht genug, sind alle diese Sparvertr\u00e4ge total unflexibel. Wenn man bspw. fr\u00fcher aus dem Sparvertrag raus m\u00f6chte oder muss, droht noch gr\u00f6\u00dferer Verlust. Daher rate ich Finger weg. Die Rendite schl\u00e4gt nicht mal die Inflation und man kommt an das Geld nur schwer wieder ran. Egal ob <span style=\"color: #ff0000;\"><strong>Bausparer-, Kapitallebensversicherungs-<\/strong> <\/span>oder <span style=\"color: #ff0000;\"><strong>Riester\/R\u00fcrup<\/strong><\/span>-Vertrag, halten Sie Abstand von diesen Geldvernichtungsanlagen. Mehr zum Thema finden Sie in der jeweiligen unteren Rubrik.<\/p>\n<p><!--noadsense--><\/p>\n","protected":false},"excerpt":{"rendered":"<p>Der kleine Mann wird immer arm bleiben und sich niemals Wohlstand aufbauen. Warum? Weil er generell auf die Geldillusion des Zinses hereinf\u00e4llt und nicht den Zusammenhang zwischen &#8222;realen Zins&#8220; und &#8222;Zins&#8220; versteht. Da jede staatlich gef\u00f6rderte Anlage eine Rendite unter &hellip; <a href=\"https:\/\/goldsparplan24.com\/blog\/papiergeldanlagen-der-betrug\">Weiterlesen <span class=\"meta-nav\">&rarr;<\/span><\/a><\/p>\n","protected":false},"author":1,"featured_media":0,"parent":0,"menu_order":0,"comment_status":"open","ping_status":"open","template":"onecolumn-page.php","meta":{"footnotes":""},"class_list":["post-204","page","type-page","status-publish","hentry"],"yoast_head":"<!-- This site is optimized with the Yoast SEO plugin v26.8 - https:\/\/yoast.com\/product\/yoast-seo-wordpress\/ -->\n<title>Das Problem und die L\u00f6sung - Goldsparplan Vergleich<\/title>\n<meta name=\"robots\" content=\"index, follow, max-snippet:-1, max-image-preview:large, max-video-preview:-1\" \/>\n<link rel=\"canonical\" href=\"https:\/\/goldsparplan24.com\/blog\/papiergeldanlagen-der-betrug\" \/>\n<meta property=\"og:locale\" content=\"de_DE\" \/>\n<meta property=\"og:type\" content=\"article\" \/>\n<meta property=\"og:title\" content=\"Das Problem und die L\u00f6sung - Goldsparplan Vergleich\" \/>\n<meta property=\"og:description\" content=\"Der kleine Mann wird immer arm bleiben und sich niemals Wohlstand aufbauen. Warum? Weil er generell auf die Geldillusion des Zinses hereinf\u00e4llt und nicht den Zusammenhang zwischen &#8222;realen Zins&#8220; und &#8222;Zins&#8220; versteht. Da jede staatlich gef\u00f6rderte Anlage eine Rendite unter &hellip; Weiterlesen &rarr;\" \/>\n<meta property=\"og:url\" content=\"https:\/\/goldsparplan24.com\/blog\/papiergeldanlagen-der-betrug\" \/>\n<meta property=\"og:site_name\" content=\"Goldsparplan Vergleich\" \/>\n<meta property=\"article:modified_time\" content=\"2021-02-14T02:03:59+00:00\" \/>\n<meta property=\"og:image\" content=\"https:\/\/goldsparplan24.com\/blog\/wp-content\/uploads\/2011\/05\/RenditeInflation3.jpg\" \/>\n<meta name=\"twitter:card\" content=\"summary_large_image\" \/>\n<meta name=\"twitter:label1\" content=\"Gesch\u00e4tzte Lesezeit\" \/>\n\t<meta name=\"twitter:data1\" content=\"2\u00a0Minuten\" \/>\n<script type=\"application\/ld+json\" class=\"yoast-schema-graph\">{\"@context\":\"https:\/\/schema.org\",\"@graph\":[{\"@type\":\"WebPage\",\"@id\":\"https:\/\/goldsparplan24.com\/blog\/papiergeldanlagen-der-betrug\",\"url\":\"https:\/\/goldsparplan24.com\/blog\/papiergeldanlagen-der-betrug\",\"name\":\"Das Problem und die L\u00f6sung - Goldsparplan Vergleich\",\"isPartOf\":{\"@id\":\"https:\/\/goldsparplan24.com\/blog\/#website\"},\"primaryImageOfPage\":{\"@id\":\"https:\/\/goldsparplan24.com\/blog\/papiergeldanlagen-der-betrug#primaryimage\"},\"image\":{\"@id\":\"https:\/\/goldsparplan24.com\/blog\/papiergeldanlagen-der-betrug#primaryimage\"},\"thumbnailUrl\":\"https:\/\/goldsparplan24.com\/blog\/wp-content\/uploads\/2011\/05\/RenditeInflation3.jpg\",\"datePublished\":\"2011-05-25T19:35:01+00:00\",\"dateModified\":\"2021-02-14T02:03:59+00:00\",\"breadcrumb\":{\"@id\":\"https:\/\/goldsparplan24.com\/blog\/papiergeldanlagen-der-betrug#breadcrumb\"},\"inLanguage\":\"de\",\"potentialAction\":[{\"@type\":\"ReadAction\",\"target\":[\"https:\/\/goldsparplan24.com\/blog\/papiergeldanlagen-der-betrug\"]}]},{\"@type\":\"ImageObject\",\"inLanguage\":\"de\",\"@id\":\"https:\/\/goldsparplan24.com\/blog\/papiergeldanlagen-der-betrug#primaryimage\",\"url\":\"https:\/\/goldsparplan24.com\/blog\/wp-content\/uploads\/2011\/05\/RenditeInflation3.jpg\",\"contentUrl\":\"https:\/\/goldsparplan24.com\/blog\/wp-content\/uploads\/2011\/05\/RenditeInflation3.jpg\"},{\"@type\":\"BreadcrumbList\",\"@id\":\"https:\/\/goldsparplan24.com\/blog\/papiergeldanlagen-der-betrug#breadcrumb\",\"itemListElement\":[{\"@type\":\"ListItem\",\"position\":1,\"name\":\"Startseite\",\"item\":\"https:\/\/goldsparplan24.com\/blog\"},{\"@type\":\"ListItem\",\"position\":2,\"name\":\"Das Problem und die L\u00f6sung\"}]},{\"@type\":\"WebSite\",\"@id\":\"https:\/\/goldsparplan24.com\/blog\/#website\",\"url\":\"https:\/\/goldsparplan24.com\/blog\/\",\"name\":\"Goldsparplan Vergleich\",\"description\":\"die jeweils 2 besten Anbieter \u2713\",\"publisher\":{\"@id\":\"https:\/\/goldsparplan24.com\/blog\/#\/schema\/person\/b70c43d2c47cbd942d028809f1cfca37\"},\"potentialAction\":[{\"@type\":\"SearchAction\",\"target\":{\"@type\":\"EntryPoint\",\"urlTemplate\":\"https:\/\/goldsparplan24.com\/blog\/?s={search_term_string}\"},\"query-input\":{\"@type\":\"PropertyValueSpecification\",\"valueRequired\":true,\"valueName\":\"search_term_string\"}}],\"inLanguage\":\"de\"},{\"@type\":[\"Person\",\"Organization\"],\"@id\":\"https:\/\/goldsparplan24.com\/blog\/#\/schema\/person\/b70c43d2c47cbd942d028809f1cfca37\",\"name\":\"admin\",\"image\":{\"@type\":\"ImageObject\",\"inLanguage\":\"de\",\"@id\":\"https:\/\/goldsparplan24.com\/blog\/#\/schema\/person\/image\/\",\"url\":\"https:\/\/goldsparplan24.com\/blog\/wp-content\/uploads\/2014\/10\/matthias-schwarz-wei\u00df.jpg\",\"contentUrl\":\"https:\/\/goldsparplan24.com\/blog\/wp-content\/uploads\/2014\/10\/matthias-schwarz-wei\u00df.jpg\",\"width\":531,\"height\":709,\"caption\":\"admin\"},\"logo\":{\"@id\":\"https:\/\/goldsparplan24.com\/blog\/#\/schema\/person\/image\/\"}}]}<\/script>\n<!-- \/ Yoast SEO plugin. -->","yoast_head_json":{"title":"Das Problem und die L\u00f6sung - Goldsparplan Vergleich","robots":{"index":"index","follow":"follow","max-snippet":"max-snippet:-1","max-image-preview":"max-image-preview:large","max-video-preview":"max-video-preview:-1"},"canonical":"https:\/\/goldsparplan24.com\/blog\/papiergeldanlagen-der-betrug","og_locale":"de_DE","og_type":"article","og_title":"Das Problem und die L\u00f6sung - Goldsparplan Vergleich","og_description":"Der kleine Mann wird immer arm bleiben und sich niemals Wohlstand aufbauen. Warum? Weil er generell auf die Geldillusion des Zinses hereinf\u00e4llt und nicht den Zusammenhang zwischen &#8222;realen Zins&#8220; und &#8222;Zins&#8220; versteht. Da jede staatlich gef\u00f6rderte Anlage eine Rendite unter &hellip; Weiterlesen &rarr;","og_url":"https:\/\/goldsparplan24.com\/blog\/papiergeldanlagen-der-betrug","og_site_name":"Goldsparplan Vergleich","article_modified_time":"2021-02-14T02:03:59+00:00","og_image":[{"url":"https:\/\/goldsparplan24.com\/blog\/wp-content\/uploads\/2011\/05\/RenditeInflation3.jpg","type":"","width":"","height":""}],"twitter_card":"summary_large_image","twitter_misc":{"Gesch\u00e4tzte Lesezeit":"2\u00a0Minuten"},"schema":{"@context":"https:\/\/schema.org","@graph":[{"@type":"WebPage","@id":"https:\/\/goldsparplan24.com\/blog\/papiergeldanlagen-der-betrug","url":"https:\/\/goldsparplan24.com\/blog\/papiergeldanlagen-der-betrug","name":"Das Problem und die L\u00f6sung - Goldsparplan Vergleich","isPartOf":{"@id":"https:\/\/goldsparplan24.com\/blog\/#website"},"primaryImageOfPage":{"@id":"https:\/\/goldsparplan24.com\/blog\/papiergeldanlagen-der-betrug#primaryimage"},"image":{"@id":"https:\/\/goldsparplan24.com\/blog\/papiergeldanlagen-der-betrug#primaryimage"},"thumbnailUrl":"https:\/\/goldsparplan24.com\/blog\/wp-content\/uploads\/2011\/05\/RenditeInflation3.jpg","datePublished":"2011-05-25T19:35:01+00:00","dateModified":"2021-02-14T02:03:59+00:00","breadcrumb":{"@id":"https:\/\/goldsparplan24.com\/blog\/papiergeldanlagen-der-betrug#breadcrumb"},"inLanguage":"de","potentialAction":[{"@type":"ReadAction","target":["https:\/\/goldsparplan24.com\/blog\/papiergeldanlagen-der-betrug"]}]},{"@type":"ImageObject","inLanguage":"de","@id":"https:\/\/goldsparplan24.com\/blog\/papiergeldanlagen-der-betrug#primaryimage","url":"https:\/\/goldsparplan24.com\/blog\/wp-content\/uploads\/2011\/05\/RenditeInflation3.jpg","contentUrl":"https:\/\/goldsparplan24.com\/blog\/wp-content\/uploads\/2011\/05\/RenditeInflation3.jpg"},{"@type":"BreadcrumbList","@id":"https:\/\/goldsparplan24.com\/blog\/papiergeldanlagen-der-betrug#breadcrumb","itemListElement":[{"@type":"ListItem","position":1,"name":"Startseite","item":"https:\/\/goldsparplan24.com\/blog"},{"@type":"ListItem","position":2,"name":"Das Problem und die L\u00f6sung"}]},{"@type":"WebSite","@id":"https:\/\/goldsparplan24.com\/blog\/#website","url":"https:\/\/goldsparplan24.com\/blog\/","name":"Goldsparplan Vergleich","description":"die jeweils 2 besten Anbieter \u2713","publisher":{"@id":"https:\/\/goldsparplan24.com\/blog\/#\/schema\/person\/b70c43d2c47cbd942d028809f1cfca37"},"potentialAction":[{"@type":"SearchAction","target":{"@type":"EntryPoint","urlTemplate":"https:\/\/goldsparplan24.com\/blog\/?s={search_term_string}"},"query-input":{"@type":"PropertyValueSpecification","valueRequired":true,"valueName":"search_term_string"}}],"inLanguage":"de"},{"@type":["Person","Organization"],"@id":"https:\/\/goldsparplan24.com\/blog\/#\/schema\/person\/b70c43d2c47cbd942d028809f1cfca37","name":"admin","image":{"@type":"ImageObject","inLanguage":"de","@id":"https:\/\/goldsparplan24.com\/blog\/#\/schema\/person\/image\/","url":"https:\/\/goldsparplan24.com\/blog\/wp-content\/uploads\/2014\/10\/matthias-schwarz-wei\u00df.jpg","contentUrl":"https:\/\/goldsparplan24.com\/blog\/wp-content\/uploads\/2014\/10\/matthias-schwarz-wei\u00df.jpg","width":531,"height":709,"caption":"admin"},"logo":{"@id":"https:\/\/goldsparplan24.com\/blog\/#\/schema\/person\/image\/"}}]}},"_links":{"self":[{"href":"https:\/\/goldsparplan24.com\/blog\/wp-json\/wp\/v2\/pages\/204","targetHints":{"allow":["GET"]}}],"collection":[{"href":"https:\/\/goldsparplan24.com\/blog\/wp-json\/wp\/v2\/pages"}],"about":[{"href":"https:\/\/goldsparplan24.com\/blog\/wp-json\/wp\/v2\/types\/page"}],"author":[{"embeddable":true,"href":"https:\/\/goldsparplan24.com\/blog\/wp-json\/wp\/v2\/users\/1"}],"replies":[{"embeddable":true,"href":"https:\/\/goldsparplan24.com\/blog\/wp-json\/wp\/v2\/comments?post=204"}],"version-history":[{"count":16,"href":"https:\/\/goldsparplan24.com\/blog\/wp-json\/wp\/v2\/pages\/204\/revisions"}],"predecessor-version":[{"id":4736,"href":"https:\/\/goldsparplan24.com\/blog\/wp-json\/wp\/v2\/pages\/204\/revisions\/4736"}],"wp:attachment":[{"href":"https:\/\/goldsparplan24.com\/blog\/wp-json\/wp\/v2\/media?parent=204"}],"curies":[{"name":"wp","href":"https:\/\/api.w.org\/{rel}","templated":true}]}}