{"id":3674,"date":"2014-11-10T19:29:29","date_gmt":"2014-11-10T19:29:29","guid":{"rendered":"http:\/\/goldsparplan24.com\/blog\/?page_id=3674"},"modified":"2018-05-24T21:26:09","modified_gmt":"2018-05-24T21:26:09","slug":"kontakt-2","status":"publish","type":"page","link":"https:\/\/goldsparplan24.com\/blog\/kontakt-2","title":{"rendered":"Kontakt"},"content":{"rendered":"<p>Ihr k\u00f6nnt auf vielf\u00e4ltige Weise in Kontakt mit mir treten. Hier im Blog k\u00f6nnt ihr Kommentare hinterlassen. Im <a href=\"https:\/\/goldsparplan24.com\/blog\/beispiel-seite\" target=\"_blank\" rel=\"noopener\">Impressum<\/a> findet ihr meine E-Mail-Adresse und Telefonnummer vor.<\/p>\n","protected":false},"excerpt":{"rendered":"<p>Ihr k\u00f6nnt auf vielf\u00e4ltige Weise in Kontakt mit mir treten. Hier im Blog k\u00f6nnt ihr Kommentare hinterlassen. Im Impressum findet ihr meine E-Mail-Adresse und Telefonnummer vor.<\/p>\n","protected":false},"author":1,"featured_media":0,"parent":0,"menu_order":6,"comment_status":"open","ping_status":"open","template":"","meta":{"footnotes":""},"class_list":["post-3674","page","type-page","status-publish","hentry"],"yoast_head":"<!-- This site is optimized with the Yoast SEO plugin v26.8 - https:\/\/yoast.com\/product\/yoast-seo-wordpress\/ -->\n<title>Kontakt - Goldsparplan Vergleich<\/title>\n<meta name=\"robots\" content=\"index, follow, max-snippet:-1, max-image-preview:large, max-video-preview:-1\" \/>\n<link rel=\"canonical\" href=\"https:\/\/goldsparplan24.com\/blog\/kontakt-2\" \/>\n<meta property=\"og:locale\" content=\"de_DE\" \/>\n<meta property=\"og:type\" content=\"article\" \/>\n<meta property=\"og:title\" content=\"Kontakt - Goldsparplan Vergleich\" \/>\n<meta property=\"og:description\" content=\"Ihr k\u00f6nnt auf vielf\u00e4ltige Weise in Kontakt mit mir treten. Hier im Blog k\u00f6nnt ihr Kommentare hinterlassen. Im Impressum findet ihr meine E-Mail-Adresse und Telefonnummer vor.\" \/>\n<meta property=\"og:url\" content=\"https:\/\/goldsparplan24.com\/blog\/kontakt-2\" \/>\n<meta property=\"og:site_name\" content=\"Goldsparplan Vergleich\" \/>\n<meta property=\"article:modified_time\" content=\"2018-05-24T21:26:09+00:00\" \/>\n<meta name=\"twitter:card\" content=\"summary_large_image\" \/>\n<script type=\"application\/ld+json\" class=\"yoast-schema-graph\">{\"@context\":\"https:\/\/schema.org\",\"@graph\":[{\"@type\":\"WebPage\",\"@id\":\"https:\/\/goldsparplan24.com\/blog\/kontakt-2\",\"url\":\"https:\/\/goldsparplan24.com\/blog\/kontakt-2\",\"name\":\"Kontakt - Goldsparplan Vergleich\",\"isPartOf\":{\"@id\":\"https:\/\/goldsparplan24.com\/blog\/#website\"},\"datePublished\":\"2014-11-10T19:29:29+00:00\",\"dateModified\":\"2018-05-24T21:26:09+00:00\",\"breadcrumb\":{\"@id\":\"https:\/\/goldsparplan24.com\/blog\/kontakt-2#breadcrumb\"},\"inLanguage\":\"de\",\"potentialAction\":[{\"@type\":\"ReadAction\",\"target\":[\"https:\/\/goldsparplan24.com\/blog\/kontakt-2\"]}]},{\"@type\":\"BreadcrumbList\",\"@id\":\"https:\/\/goldsparplan24.com\/blog\/kontakt-2#breadcrumb\",\"itemListElement\":[{\"@type\":\"ListItem\",\"position\":1,\"name\":\"Startseite\",\"item\":\"https:\/\/goldsparplan24.com\/blog\"},{\"@type\":\"ListItem\",\"position\":2,\"name\":\"Kontakt\"}]},{\"@type\":\"WebSite\",\"@id\":\"https:\/\/goldsparplan24.com\/blog\/#website\",\"url\":\"https:\/\/goldsparplan24.com\/blog\/\",\"name\":\"Goldsparplan Vergleich\",\"description\":\"die jeweils 2 besten Anbieter \u2713\",\"publisher\":{\"@id\":\"https:\/\/goldsparplan24.com\/blog\/#\/schema\/person\/b70c43d2c47cbd942d028809f1cfca37\"},\"potentialAction\":[{\"@type\":\"SearchAction\",\"target\":{\"@type\":\"EntryPoint\",\"urlTemplate\":\"https:\/\/goldsparplan24.com\/blog\/?s={search_term_string}\"},\"query-input\":{\"@type\":\"PropertyValueSpecification\",\"valueRequired\":true,\"valueName\":\"search_term_string\"}}],\"inLanguage\":\"de\"},{\"@type\":[\"Person\",\"Organization\"],\"@id\":\"https:\/\/goldsparplan24.com\/blog\/#\/schema\/person\/b70c43d2c47cbd942d028809f1cfca37\",\"name\":\"admin\",\"image\":{\"@type\":\"ImageObject\",\"inLanguage\":\"de\",\"@id\":\"https:\/\/goldsparplan24.com\/blog\/#\/schema\/person\/image\/\",\"url\":\"https:\/\/goldsparplan24.com\/blog\/wp-content\/uploads\/2014\/10\/matthias-schwarz-wei\u00df.jpg\",\"contentUrl\":\"https:\/\/goldsparplan24.com\/blog\/wp-content\/uploads\/2014\/10\/matthias-schwarz-wei\u00df.jpg\",\"width\":531,\"height\":709,\"caption\":\"admin\"},\"logo\":{\"@id\":\"https:\/\/goldsparplan24.com\/blog\/#\/schema\/person\/image\/\"}}]}<\/script>\n<!-- \/ Yoast SEO plugin. -->","yoast_head_json":{"title":"Kontakt - Goldsparplan Vergleich","robots":{"index":"index","follow":"follow","max-snippet":"max-snippet:-1","max-image-preview":"max-image-preview:large","max-video-preview":"max-video-preview:-1"},"canonical":"https:\/\/goldsparplan24.com\/blog\/kontakt-2","og_locale":"de_DE","og_type":"article","og_title":"Kontakt - Goldsparplan Vergleich","og_description":"Ihr k\u00f6nnt auf vielf\u00e4ltige Weise in Kontakt mit mir treten. Hier im Blog k\u00f6nnt ihr Kommentare hinterlassen. Im Impressum findet ihr meine E-Mail-Adresse und Telefonnummer vor.","og_url":"https:\/\/goldsparplan24.com\/blog\/kontakt-2","og_site_name":"Goldsparplan Vergleich","article_modified_time":"2018-05-24T21:26:09+00:00","twitter_card":"summary_large_image","schema":{"@context":"https:\/\/schema.org","@graph":[{"@type":"WebPage","@id":"https:\/\/goldsparplan24.com\/blog\/kontakt-2","url":"https:\/\/goldsparplan24.com\/blog\/kontakt-2","name":"Kontakt - Goldsparplan Vergleich","isPartOf":{"@id":"https:\/\/goldsparplan24.com\/blog\/#website"},"datePublished":"2014-11-10T19:29:29+00:00","dateModified":"2018-05-24T21:26:09+00:00","breadcrumb":{"@id":"https:\/\/goldsparplan24.com\/blog\/kontakt-2#breadcrumb"},"inLanguage":"de","potentialAction":[{"@type":"ReadAction","target":["https:\/\/goldsparplan24.com\/blog\/kontakt-2"]}]},{"@type":"BreadcrumbList","@id":"https:\/\/goldsparplan24.com\/blog\/kontakt-2#breadcrumb","itemListElement":[{"@type":"ListItem","position":1,"name":"Startseite","item":"https:\/\/goldsparplan24.com\/blog"},{"@type":"ListItem","position":2,"name":"Kontakt"}]},{"@type":"WebSite","@id":"https:\/\/goldsparplan24.com\/blog\/#website","url":"https:\/\/goldsparplan24.com\/blog\/","name":"Goldsparplan Vergleich","description":"die jeweils 2 besten Anbieter \u2713","publisher":{"@id":"https:\/\/goldsparplan24.com\/blog\/#\/schema\/person\/b70c43d2c47cbd942d028809f1cfca37"},"potentialAction":[{"@type":"SearchAction","target":{"@type":"EntryPoint","urlTemplate":"https:\/\/goldsparplan24.com\/blog\/?s={search_term_string}"},"query-input":{"@type":"PropertyValueSpecification","valueRequired":true,"valueName":"search_term_string"}}],"inLanguage":"de"},{"@type":["Person","Organization"],"@id":"https:\/\/goldsparplan24.com\/blog\/#\/schema\/person\/b70c43d2c47cbd942d028809f1cfca37","name":"admin","image":{"@type":"ImageObject","inLanguage":"de","@id":"https:\/\/goldsparplan24.com\/blog\/#\/schema\/person\/image\/","url":"https:\/\/goldsparplan24.com\/blog\/wp-content\/uploads\/2014\/10\/matthias-schwarz-wei\u00df.jpg","contentUrl":"https:\/\/goldsparplan24.com\/blog\/wp-content\/uploads\/2014\/10\/matthias-schwarz-wei\u00df.jpg","width":531,"height":709,"caption":"admin"},"logo":{"@id":"https:\/\/goldsparplan24.com\/blog\/#\/schema\/person\/image\/"}}]}},"_links":{"self":[{"href":"https:\/\/goldsparplan24.com\/blog\/wp-json\/wp\/v2\/pages\/3674","targetHints":{"allow":["GET"]}}],"collection":[{"href":"https:\/\/goldsparplan24.com\/blog\/wp-json\/wp\/v2\/pages"}],"about":[{"href":"https:\/\/goldsparplan24.com\/blog\/wp-json\/wp\/v2\/types\/page"}],"author":[{"embeddable":true,"href":"https:\/\/goldsparplan24.com\/blog\/wp-json\/wp\/v2\/users\/1"}],"replies":[{"embeddable":true,"href":"https:\/\/goldsparplan24.com\/blog\/wp-json\/wp\/v2\/comments?post=3674"}],"version-history":[{"count":4,"href":"https:\/\/goldsparplan24.com\/blog\/wp-json\/wp\/v2\/pages\/3674\/revisions"}],"predecessor-version":[{"id":4642,"href":"https:\/\/goldsparplan24.com\/blog\/wp-json\/wp\/v2\/pages\/3674\/revisions\/4642"}],"wp:attachment":[{"href":"https:\/\/goldsparplan24.com\/blog\/wp-json\/wp\/v2\/media?parent=3674"}],"curies":[{"name":"wp","href":"https:\/\/api.w.org\/{rel}","templated":true}]}}