{"id":3789,"date":"2014-12-27T21:18:24","date_gmt":"2014-12-27T21:18:24","guid":{"rendered":"http:\/\/goldsparplan24.com\/blog\/?page_id=3789"},"modified":"2016-02-01T17:11:48","modified_gmt":"2016-02-01T17:11:48","slug":"warum-gold","status":"publish","type":"page","link":"https:\/\/goldsparplan24.com\/blog\/warum-gold","title":{"rendered":"Warum Gold?"},"content":{"rendered":"<div id=\"attachment_3794\" style=\"width: 310px\" class=\"wp-caption alignright\"><a href=\"https:\/\/goldsparplan24.com\/blog\/wp-content\/uploads\/2014\/12\/Warum-in-Gold-investieren.jpg\"><img loading=\"lazy\" decoding=\"async\" aria-describedby=\"caption-attachment-3794\" class=\"size-medium wp-image-3794\" src=\"https:\/\/goldsparplan24.com\/blog\/wp-content\/uploads\/2014\/12\/Warum-in-Gold-investieren-300x221.jpg\" alt=\"Warum ist es sinnvoll in Gold zu investieren?\" width=\"300\" height=\"221\" srcset=\"https:\/\/goldsparplan24.com\/blog\/wp-content\/uploads\/2014\/12\/Warum-in-Gold-investieren-300x221.jpg 300w, https:\/\/goldsparplan24.com\/blog\/wp-content\/uploads\/2014\/12\/Warum-in-Gold-investieren-50x37.jpg 50w, https:\/\/goldsparplan24.com\/blog\/wp-content\/uploads\/2014\/12\/Warum-in-Gold-investieren.jpg 424w\" sizes=\"auto, (max-width: 300px) 100vw, 300px\" \/><\/a><p id=\"caption-attachment-3794\" class=\"wp-caption-text\">Warum ist es sinnvoll in Gold zu investieren?<\/p><\/div>\n<p>Physisches Gold geh\u00f6rt bekanntlich in jedes gesunde Verm\u00f6gensportfolio dazu &#8211; Experten sprechen dabei generell von Minimum 10 bis 30 Prozent. Doch welche konkreten Punkte unterstreichen ein&#8220;langfristiges&#8220; Engagement in Gold?<\/p>\n<p><span style=\"text-decoration: underline;\">Nur einige\u00a0Punkte welche eindeutig f\u00fcr die physische Gold Anlage sprechen:<\/span><\/p>\n<ul>\n<li>seit \u00fcber 5.000 Jahren der Menschheitsgeschichte niemals wertlos geworden<\/li>\n<li>ist und bleibt ultimatives weltweit g\u00fcltiges Zahlungsmittel und Krisenw\u00e4hrung<\/li>\n<li>zunehmend begrenzt verf\u00fcgbar &#8211; <a title=\"Goldpeak bereits \u00fcberschritten \u2013 nur noch etwa 20 Jahre ist Gold abbaubar\" href=\"https:\/\/goldsparplan24.com\/blog\/goldpreis\/goldpeak-bereits-ueberschritten-nur-noch-etwa-20-jahre-ist-gold-abbaubar.html\">F\u00f6rdermenge bereits erreicht und laut Experten nur noch f\u00fcr etwa 20 Jahre abbaubar<\/a><\/li>\n<li>tendenziell kontinuierlich\u00a0<a title=\"Statista Grafik zur Goldnachfrage weltweit\" href=\"http:\/\/de.statista.com\/statistik\/daten\/studie\/153687\/umfrage\/goldnachfrage-weltweit-seit-2008\/\" target=\"_blank\">steigende Nachfrage<\/a><\/li>\n<li>Gesamtkosten\u00a0<a title=\"Quelle Wirtschaftswoche\" href=\"http:\/\/www.wiwo.de\/finanzen\/kosteninflation-goldpreis-faellt-nicht-mehr-unter-1000-dollar\/5689120.html\" target=\"_blank\">f\u00fcr Goldf\u00f6rderung steigen\u00a0j\u00e4hrlich um durchschnittlich 18%<\/a><\/li>\n<li>hohes Wertsteigerungspotential: &#8211;<strong>14,24 % im Durchschnitt pro Jahr<\/strong> in den letzten 10 Jahren (Zeitraum: M\u00e4rz 2003 bis M\u00e4rz 2013) und <a title=\"In Gold investieren sinnvoll? \u00dcberraschende Beispielrechnung zur Gold Anlage\" href=\"https:\/\/goldsparplan24.com\/blog\/insiderwissen-zu-gold-als-anlage\/in-gold-investieren-sinnvoll-ueberraschende-beispielrechnung-zur-gold-anlage.html\" target=\"_blank\"><strong>11,7% im Durchschnitt pro Jahr in den letzten 40 Jahren<\/strong><\/a> (Zeitraum: 1970 bis 2010)<\/li>\n<li>steuerfrei &#8211; Anlagebarren sind frei von der Mehrwertsteuer und nach mindestens einem Jahr Lagerung (Spekulationsfrist) sogar komplett vor der Abgeltungssteuer befreit*<\/li>\n<li>erlaubt h\u00f6chste Flexibilit\u00e4t (auf Wunsch jederzeit zur\u00fcck tauschen in W\u00e4hrung)*<\/li>\n<li>ist mobil &#8211; keine Bindung an Grenzen oder an ein Land<\/li>\n<li>gilt als ultimatives Statussymbol<\/li>\n<li>anonyme Anlage (Kunden-Daten werden an keine Dritten oder\/und Beh\u00f6rden weitergereicht)*<\/li>\n<li>die wahrscheinlich sch\u00f6nste Anlage der Welt<\/li>\n<li>unverg\u00e4nglich\u00a0und korrosionsbest\u00e4ndig<\/li>\n<li>die h\u00e4rteste W\u00e4hrung der Welt schlechthin<\/li>\n<li>vererbbar und dabei gleichzeitig\u00a0einfach\u00a0aufteilbar<\/li>\n<li>nicht beliebig vermehrbar &#8211; im Gegensatz zum Papiergeld<\/li>\n<li>ein nat\u00fcrlicher Sachwert<\/li>\n<li><a title=\"Grafik: Anlagen bei 8 Prozent Inflation\" href=\"https:\/\/goldsparplan24.com\/blog\/wp-content\/uploads\/2011\/12\/WieverhaltensichAnlagenbeiInflation.jpg\" target=\"_blank\">gilt als bester Inflationsschutz<\/a><\/li>\n<li>sch\u00fctzt ideal vor kommenden Worst-Case-Szenarien wie Hyperinflation, W\u00e4hrungsreform etc.<\/li>\n<li>eine beruhigende Komponente im Depot &#8211; Gold ist krisensicher<\/li>\n<li>steht seit jeher f\u00fcr Macht und Reichtum<\/li>\n<li>verursacht im Gegensatz zu klassischen Anlagen nur geringste\u00a0Kosten*<\/li>\n<li><a title=\"Grafik - F\u00fcr nur 5 Gramm ein Haus\" href=\"https:\/\/goldsparplan24.com\/blog\/wp-content\/uploads\/2011\/09\/wahrergoldwert.jpg\" target=\"_blank\">Wert erh\u00f6ht sich in der Regel in Krisensituationen um ein Vielfaches<\/a><\/li>\n<li>Gold ist kein Investment, sondern eine Absicherung<\/li>\n<li>Freiheit und Unabh\u00e4ngigkeit vom Finanz- und Bankensystem<\/li>\n<li>ist im Gegensatz zu einer Aktie, W\u00e4hrung, Sparkonto oder Lebensversicherung noch nie wertlos geworden und wird auch zuk\u00fcnftig immer einen Wert beibehalten<\/li>\n<\/ul>\n<p>*Die folgenden Aussagen k\u00f6nnen je nach Art des Goldinvestments (drastisch) abweichen. So erlaubt bspw. nicht jede Form der Anlage in Gold h\u00f6chste Flexibilit\u00e4t. Die Aussagen beziehen sich auf\u00a0die <a title=\"Vergleich Goldanbieter\" href=\"https:\/\/goldsparplan24.com\/blog\/goldsparplan\" target=\"_blank\">folgenden verglichenen Goldanbieter (hier klicken)<\/a>.<\/p>\n","protected":false},"excerpt":{"rendered":"<p>Physisches Gold geh\u00f6rt bekanntlich in jedes gesunde Verm\u00f6gensportfolio dazu &#8211; Experten sprechen dabei generell von Minimum 10 bis 30 Prozent. Doch welche konkreten Punkte unterstreichen ein&#8220;langfristiges&#8220; Engagement in Gold? Nur einige\u00a0Punkte welche eindeutig f\u00fcr die physische Gold Anlage sprechen: seit &hellip; <a href=\"https:\/\/goldsparplan24.com\/blog\/warum-gold\">Weiterlesen <span class=\"meta-nav\">&rarr;<\/span><\/a><\/p>\n","protected":false},"author":1,"featured_media":3709,"parent":0,"menu_order":4,"comment_status":"open","ping_status":"open","template":"","meta":{"footnotes":""},"class_list":["post-3789","page","type-page","status-publish","has-post-thumbnail","hentry"],"yoast_head":"<!-- This site is optimized with the Yoast SEO plugin v26.8 - https:\/\/yoast.com\/product\/yoast-seo-wordpress\/ -->\n<title>Warum Gold? - Goldsparplan Vergleich<\/title>\n<meta name=\"robots\" content=\"index, follow, max-snippet:-1, max-image-preview:large, max-video-preview:-1\" \/>\n<link rel=\"canonical\" href=\"https:\/\/goldsparplan24.com\/blog\/warum-gold\" \/>\n<meta property=\"og:locale\" content=\"de_DE\" \/>\n<meta property=\"og:type\" content=\"article\" \/>\n<meta property=\"og:title\" content=\"Warum Gold? - Goldsparplan Vergleich\" \/>\n<meta property=\"og:description\" content=\"Physisches Gold geh\u00f6rt bekanntlich in jedes gesunde Verm\u00f6gensportfolio dazu &#8211; Experten sprechen dabei generell von Minimum 10 bis 30 Prozent. Doch welche konkreten Punkte unterstreichen ein&#8220;langfristiges&#8220; Engagement in Gold? Nur einige\u00a0Punkte welche eindeutig f\u00fcr die physische Gold Anlage sprechen: seit &hellip; Weiterlesen &rarr;\" \/>\n<meta property=\"og:url\" content=\"https:\/\/goldsparplan24.com\/blog\/warum-gold\" \/>\n<meta property=\"og:site_name\" content=\"Goldsparplan Vergleich\" \/>\n<meta property=\"article:modified_time\" content=\"2016-02-01T17:11:48+00:00\" \/>\n<meta property=\"og:image\" content=\"https:\/\/goldsparplan24.com\/blog\/wp-content\/uploads\/2014\/11\/Fotolia_33357306_XS_copyright-1.jpg\" \/>\n\t<meta property=\"og:image:width\" content=\"424\" \/>\n\t<meta property=\"og:image:height\" content=\"313\" \/>\n\t<meta property=\"og:image:type\" content=\"image\/jpeg\" \/>\n<meta name=\"twitter:card\" content=\"summary_large_image\" \/>\n<meta name=\"twitter:label1\" content=\"Gesch\u00e4tzte Lesezeit\" \/>\n\t<meta name=\"twitter:data1\" content=\"2\u00a0Minuten\" \/>\n<script type=\"application\/ld+json\" class=\"yoast-schema-graph\">{\"@context\":\"https:\/\/schema.org\",\"@graph\":[{\"@type\":\"WebPage\",\"@id\":\"https:\/\/goldsparplan24.com\/blog\/warum-gold\",\"url\":\"https:\/\/goldsparplan24.com\/blog\/warum-gold\",\"name\":\"Warum Gold? - Goldsparplan Vergleich\",\"isPartOf\":{\"@id\":\"https:\/\/goldsparplan24.com\/blog\/#website\"},\"primaryImageOfPage\":{\"@id\":\"https:\/\/goldsparplan24.com\/blog\/warum-gold#primaryimage\"},\"image\":{\"@id\":\"https:\/\/goldsparplan24.com\/blog\/warum-gold#primaryimage\"},\"thumbnailUrl\":\"https:\/\/goldsparplan24.com\/blog\/wp-content\/uploads\/2014\/11\/Fotolia_33357306_XS_copyright-1.jpg\",\"datePublished\":\"2014-12-27T21:18:24+00:00\",\"dateModified\":\"2016-02-01T17:11:48+00:00\",\"breadcrumb\":{\"@id\":\"https:\/\/goldsparplan24.com\/blog\/warum-gold#breadcrumb\"},\"inLanguage\":\"de\",\"potentialAction\":[{\"@type\":\"ReadAction\",\"target\":[\"https:\/\/goldsparplan24.com\/blog\/warum-gold\"]}]},{\"@type\":\"ImageObject\",\"inLanguage\":\"de\",\"@id\":\"https:\/\/goldsparplan24.com\/blog\/warum-gold#primaryimage\",\"url\":\"https:\/\/goldsparplan24.com\/blog\/wp-content\/uploads\/2014\/11\/Fotolia_33357306_XS_copyright-1.jpg\",\"contentUrl\":\"https:\/\/goldsparplan24.com\/blog\/wp-content\/uploads\/2014\/11\/Fotolia_33357306_XS_copyright-1.jpg\",\"width\":424,\"height\":313,\"caption\":\"Augen auf beim Goldsparplan-Kauf\"},{\"@type\":\"BreadcrumbList\",\"@id\":\"https:\/\/goldsparplan24.com\/blog\/warum-gold#breadcrumb\",\"itemListElement\":[{\"@type\":\"ListItem\",\"position\":1,\"name\":\"Startseite\",\"item\":\"https:\/\/goldsparplan24.com\/blog\"},{\"@type\":\"ListItem\",\"position\":2,\"name\":\"Warum Gold?\"}]},{\"@type\":\"WebSite\",\"@id\":\"https:\/\/goldsparplan24.com\/blog\/#website\",\"url\":\"https:\/\/goldsparplan24.com\/blog\/\",\"name\":\"Goldsparplan Vergleich\",\"description\":\"die jeweils 2 besten Anbieter \u2713\",\"publisher\":{\"@id\":\"https:\/\/goldsparplan24.com\/blog\/#\/schema\/person\/b70c43d2c47cbd942d028809f1cfca37\"},\"potentialAction\":[{\"@type\":\"SearchAction\",\"target\":{\"@type\":\"EntryPoint\",\"urlTemplate\":\"https:\/\/goldsparplan24.com\/blog\/?s={search_term_string}\"},\"query-input\":{\"@type\":\"PropertyValueSpecification\",\"valueRequired\":true,\"valueName\":\"search_term_string\"}}],\"inLanguage\":\"de\"},{\"@type\":[\"Person\",\"Organization\"],\"@id\":\"https:\/\/goldsparplan24.com\/blog\/#\/schema\/person\/b70c43d2c47cbd942d028809f1cfca37\",\"name\":\"admin\",\"image\":{\"@type\":\"ImageObject\",\"inLanguage\":\"de\",\"@id\":\"https:\/\/goldsparplan24.com\/blog\/#\/schema\/person\/image\/\",\"url\":\"https:\/\/goldsparplan24.com\/blog\/wp-content\/uploads\/2014\/10\/matthias-schwarz-wei\u00df.jpg\",\"contentUrl\":\"https:\/\/goldsparplan24.com\/blog\/wp-content\/uploads\/2014\/10\/matthias-schwarz-wei\u00df.jpg\",\"width\":531,\"height\":709,\"caption\":\"admin\"},\"logo\":{\"@id\":\"https:\/\/goldsparplan24.com\/blog\/#\/schema\/person\/image\/\"}}]}<\/script>\n<!-- \/ Yoast SEO plugin. -->","yoast_head_json":{"title":"Warum Gold? - Goldsparplan Vergleich","robots":{"index":"index","follow":"follow","max-snippet":"max-snippet:-1","max-image-preview":"max-image-preview:large","max-video-preview":"max-video-preview:-1"},"canonical":"https:\/\/goldsparplan24.com\/blog\/warum-gold","og_locale":"de_DE","og_type":"article","og_title":"Warum Gold? - Goldsparplan Vergleich","og_description":"Physisches Gold geh\u00f6rt bekanntlich in jedes gesunde Verm\u00f6gensportfolio dazu &#8211; Experten sprechen dabei generell von Minimum 10 bis 30 Prozent. Doch welche konkreten Punkte unterstreichen ein&#8220;langfristiges&#8220; Engagement in Gold? Nur einige\u00a0Punkte welche eindeutig f\u00fcr die physische Gold Anlage sprechen: seit &hellip; Weiterlesen &rarr;","og_url":"https:\/\/goldsparplan24.com\/blog\/warum-gold","og_site_name":"Goldsparplan Vergleich","article_modified_time":"2016-02-01T17:11:48+00:00","og_image":[{"width":424,"height":313,"url":"https:\/\/goldsparplan24.com\/blog\/wp-content\/uploads\/2014\/11\/Fotolia_33357306_XS_copyright-1.jpg","type":"image\/jpeg"}],"twitter_card":"summary_large_image","twitter_misc":{"Gesch\u00e4tzte Lesezeit":"2\u00a0Minuten"},"schema":{"@context":"https:\/\/schema.org","@graph":[{"@type":"WebPage","@id":"https:\/\/goldsparplan24.com\/blog\/warum-gold","url":"https:\/\/goldsparplan24.com\/blog\/warum-gold","name":"Warum Gold? - Goldsparplan Vergleich","isPartOf":{"@id":"https:\/\/goldsparplan24.com\/blog\/#website"},"primaryImageOfPage":{"@id":"https:\/\/goldsparplan24.com\/blog\/warum-gold#primaryimage"},"image":{"@id":"https:\/\/goldsparplan24.com\/blog\/warum-gold#primaryimage"},"thumbnailUrl":"https:\/\/goldsparplan24.com\/blog\/wp-content\/uploads\/2014\/11\/Fotolia_33357306_XS_copyright-1.jpg","datePublished":"2014-12-27T21:18:24+00:00","dateModified":"2016-02-01T17:11:48+00:00","breadcrumb":{"@id":"https:\/\/goldsparplan24.com\/blog\/warum-gold#breadcrumb"},"inLanguage":"de","potentialAction":[{"@type":"ReadAction","target":["https:\/\/goldsparplan24.com\/blog\/warum-gold"]}]},{"@type":"ImageObject","inLanguage":"de","@id":"https:\/\/goldsparplan24.com\/blog\/warum-gold#primaryimage","url":"https:\/\/goldsparplan24.com\/blog\/wp-content\/uploads\/2014\/11\/Fotolia_33357306_XS_copyright-1.jpg","contentUrl":"https:\/\/goldsparplan24.com\/blog\/wp-content\/uploads\/2014\/11\/Fotolia_33357306_XS_copyright-1.jpg","width":424,"height":313,"caption":"Augen auf beim Goldsparplan-Kauf"},{"@type":"BreadcrumbList","@id":"https:\/\/goldsparplan24.com\/blog\/warum-gold#breadcrumb","itemListElement":[{"@type":"ListItem","position":1,"name":"Startseite","item":"https:\/\/goldsparplan24.com\/blog"},{"@type":"ListItem","position":2,"name":"Warum Gold?"}]},{"@type":"WebSite","@id":"https:\/\/goldsparplan24.com\/blog\/#website","url":"https:\/\/goldsparplan24.com\/blog\/","name":"Goldsparplan Vergleich","description":"die jeweils 2 besten Anbieter \u2713","publisher":{"@id":"https:\/\/goldsparplan24.com\/blog\/#\/schema\/person\/b70c43d2c47cbd942d028809f1cfca37"},"potentialAction":[{"@type":"SearchAction","target":{"@type":"EntryPoint","urlTemplate":"https:\/\/goldsparplan24.com\/blog\/?s={search_term_string}"},"query-input":{"@type":"PropertyValueSpecification","valueRequired":true,"valueName":"search_term_string"}}],"inLanguage":"de"},{"@type":["Person","Organization"],"@id":"https:\/\/goldsparplan24.com\/blog\/#\/schema\/person\/b70c43d2c47cbd942d028809f1cfca37","name":"admin","image":{"@type":"ImageObject","inLanguage":"de","@id":"https:\/\/goldsparplan24.com\/blog\/#\/schema\/person\/image\/","url":"https:\/\/goldsparplan24.com\/blog\/wp-content\/uploads\/2014\/10\/matthias-schwarz-wei\u00df.jpg","contentUrl":"https:\/\/goldsparplan24.com\/blog\/wp-content\/uploads\/2014\/10\/matthias-schwarz-wei\u00df.jpg","width":531,"height":709,"caption":"admin"},"logo":{"@id":"https:\/\/goldsparplan24.com\/blog\/#\/schema\/person\/image\/"}}]}},"_links":{"self":[{"href":"https:\/\/goldsparplan24.com\/blog\/wp-json\/wp\/v2\/pages\/3789","targetHints":{"allow":["GET"]}}],"collection":[{"href":"https:\/\/goldsparplan24.com\/blog\/wp-json\/wp\/v2\/pages"}],"about":[{"href":"https:\/\/goldsparplan24.com\/blog\/wp-json\/wp\/v2\/types\/page"}],"author":[{"embeddable":true,"href":"https:\/\/goldsparplan24.com\/blog\/wp-json\/wp\/v2\/users\/1"}],"replies":[{"embeddable":true,"href":"https:\/\/goldsparplan24.com\/blog\/wp-json\/wp\/v2\/comments?post=3789"}],"version-history":[{"count":16,"href":"https:\/\/goldsparplan24.com\/blog\/wp-json\/wp\/v2\/pages\/3789\/revisions"}],"predecessor-version":[{"id":4321,"href":"https:\/\/goldsparplan24.com\/blog\/wp-json\/wp\/v2\/pages\/3789\/revisions\/4321"}],"wp:featuredmedia":[{"embeddable":true,"href":"https:\/\/goldsparplan24.com\/blog\/wp-json\/wp\/v2\/media\/3709"}],"wp:attachment":[{"href":"https:\/\/goldsparplan24.com\/blog\/wp-json\/wp\/v2\/media?parent=3789"}],"curies":[{"name":"wp","href":"https:\/\/api.w.org\/{rel}","templated":true}]}}