{"id":4124,"date":"2015-08-01T18:01:40","date_gmt":"2015-08-01T18:01:40","guid":{"rendered":"http:\/\/goldsparplan24.com\/blog\/?page_id=4124"},"modified":"2022-06-17T03:40:34","modified_gmt":"2022-06-17T03:40:34","slug":"waehrungsgold","status":"publish","type":"page","link":"https:\/\/goldsparplan24.com\/blog\/waehrungsgold","title":{"rendered":"W\u00e4hrungsgold"},"content":{"rendered":"<p>&#8222;W\u00e4hrungsgold&#8220; ist aufgrund der kleinen St\u00fcckelungen und des daraus folgenden wesentlich h\u00f6heren Spreads (Differenz zwischen An- und Verkauf) zur Goldanlage eher nicht geeignet, sondern dient in erster Linie daf\u00fcr, um in m\u00f6glichen Worst-Case-Szenarien jederzeit handlungsf\u00e4hig zu sein.<\/p>\n<p>Solche kleine Barren, oft auch Kinebarren genannt, ab 1 Gramm, finden Sie bspw. <a href=\"https:\/\/goldsparplan24.com\/blog\/goldsilbershopde\" target=\"_blank\" rel=\"noopener\">hier unter Goldsilbershop.de<\/a> .<\/p>\n<p>Fazit: Wer jederzeit optimale Handlungsf\u00e4higkeit und Akzeptanz beibehalten m\u00f6chte, sollte in kleine Barren mit h\u00f6chsten Sicherheitsstandards tauschen! Zur <a href=\"https:\/\/goldsparplan24.com\/blog\/goldsparplan\" target=\"_blank\" rel=\"noopener\">Gold-Anlage<\/a> allerdings sind diese Barren aufgrund der verh\u00e4ltnism\u00e4\u00dfig h\u00f6heren Kosten weniger geeignet. Auch sollte man es dabei nicht \u00fcbertreiben. Nach Expertenmeinungen sind generell drei Monatsgeh\u00e4lter ausreichend.<\/p>\n<p>Bei der Goldanlage hingegen generell etwa 5 bis 10% des Portfolios.<\/p>\n","protected":false},"excerpt":{"rendered":"<p>&#8222;W\u00e4hrungsgold&#8220; ist aufgrund der kleinen St\u00fcckelungen und des daraus folgenden wesentlich h\u00f6heren Spreads (Differenz zwischen An- und Verkauf) zur Goldanlage eher nicht geeignet, sondern dient in erster Linie daf\u00fcr, um in m\u00f6glichen Worst-Case-Szenarien jederzeit handlungsf\u00e4hig zu sein. Solche kleine Barren, &hellip; <a href=\"https:\/\/goldsparplan24.com\/blog\/waehrungsgold\">Weiterlesen <span class=\"meta-nav\">&rarr;<\/span><\/a><\/p>\n","protected":false},"author":1,"featured_media":0,"parent":0,"menu_order":2,"comment_status":"open","ping_status":"open","template":"","meta":{"footnotes":""},"class_list":["post-4124","page","type-page","status-publish","hentry"],"yoast_head":"<!-- This site is optimized with the Yoast SEO plugin v26.8 - https:\/\/yoast.com\/product\/yoast-seo-wordpress\/ -->\n<title>W\u00e4hrungsgold - Goldsparplan Vergleich<\/title>\n<meta name=\"robots\" content=\"index, follow, max-snippet:-1, max-image-preview:large, max-video-preview:-1\" \/>\n<link rel=\"canonical\" href=\"https:\/\/goldsparplan24.com\/blog\/waehrungsgold\" \/>\n<meta property=\"og:locale\" content=\"de_DE\" \/>\n<meta property=\"og:type\" content=\"article\" \/>\n<meta property=\"og:title\" content=\"W\u00e4hrungsgold - Goldsparplan Vergleich\" \/>\n<meta property=\"og:description\" content=\"&#8222;W\u00e4hrungsgold&#8220; ist aufgrund der kleinen St\u00fcckelungen und des daraus folgenden wesentlich h\u00f6heren Spreads (Differenz zwischen An- und Verkauf) zur Goldanlage eher nicht geeignet, sondern dient in erster Linie daf\u00fcr, um in m\u00f6glichen Worst-Case-Szenarien jederzeit handlungsf\u00e4hig zu sein. Solche kleine Barren, &hellip; Weiterlesen &rarr;\" \/>\n<meta property=\"og:url\" content=\"https:\/\/goldsparplan24.com\/blog\/waehrungsgold\" \/>\n<meta property=\"og:site_name\" content=\"Goldsparplan Vergleich\" \/>\n<meta property=\"article:modified_time\" content=\"2022-06-17T03:40:34+00:00\" \/>\n<meta name=\"twitter:card\" content=\"summary_large_image\" \/>\n<meta name=\"twitter:label1\" content=\"Gesch\u00e4tzte Lesezeit\" \/>\n\t<meta name=\"twitter:data1\" content=\"1\u00a0Minute\" \/>\n<script type=\"application\/ld+json\" class=\"yoast-schema-graph\">{\"@context\":\"https:\/\/schema.org\",\"@graph\":[{\"@type\":\"WebPage\",\"@id\":\"https:\/\/goldsparplan24.com\/blog\/waehrungsgold\",\"url\":\"https:\/\/goldsparplan24.com\/blog\/waehrungsgold\",\"name\":\"W\u00e4hrungsgold - Goldsparplan Vergleich\",\"isPartOf\":{\"@id\":\"https:\/\/goldsparplan24.com\/blog\/#website\"},\"datePublished\":\"2015-08-01T18:01:40+00:00\",\"dateModified\":\"2022-06-17T03:40:34+00:00\",\"breadcrumb\":{\"@id\":\"https:\/\/goldsparplan24.com\/blog\/waehrungsgold#breadcrumb\"},\"inLanguage\":\"de\",\"potentialAction\":[{\"@type\":\"ReadAction\",\"target\":[\"https:\/\/goldsparplan24.com\/blog\/waehrungsgold\"]}]},{\"@type\":\"BreadcrumbList\",\"@id\":\"https:\/\/goldsparplan24.com\/blog\/waehrungsgold#breadcrumb\",\"itemListElement\":[{\"@type\":\"ListItem\",\"position\":1,\"name\":\"Startseite\",\"item\":\"https:\/\/goldsparplan24.com\/blog\"},{\"@type\":\"ListItem\",\"position\":2,\"name\":\"W\u00e4hrungsgold\"}]},{\"@type\":\"WebSite\",\"@id\":\"https:\/\/goldsparplan24.com\/blog\/#website\",\"url\":\"https:\/\/goldsparplan24.com\/blog\/\",\"name\":\"Goldsparplan Vergleich\",\"description\":\"die jeweils 2 besten Anbieter \u2713\",\"publisher\":{\"@id\":\"https:\/\/goldsparplan24.com\/blog\/#\/schema\/person\/b70c43d2c47cbd942d028809f1cfca37\"},\"potentialAction\":[{\"@type\":\"SearchAction\",\"target\":{\"@type\":\"EntryPoint\",\"urlTemplate\":\"https:\/\/goldsparplan24.com\/blog\/?s={search_term_string}\"},\"query-input\":{\"@type\":\"PropertyValueSpecification\",\"valueRequired\":true,\"valueName\":\"search_term_string\"}}],\"inLanguage\":\"de\"},{\"@type\":[\"Person\",\"Organization\"],\"@id\":\"https:\/\/goldsparplan24.com\/blog\/#\/schema\/person\/b70c43d2c47cbd942d028809f1cfca37\",\"name\":\"admin\",\"image\":{\"@type\":\"ImageObject\",\"inLanguage\":\"de\",\"@id\":\"https:\/\/goldsparplan24.com\/blog\/#\/schema\/person\/image\/\",\"url\":\"https:\/\/goldsparplan24.com\/blog\/wp-content\/uploads\/2014\/10\/matthias-schwarz-wei\u00df.jpg\",\"contentUrl\":\"https:\/\/goldsparplan24.com\/blog\/wp-content\/uploads\/2014\/10\/matthias-schwarz-wei\u00df.jpg\",\"width\":531,\"height\":709,\"caption\":\"admin\"},\"logo\":{\"@id\":\"https:\/\/goldsparplan24.com\/blog\/#\/schema\/person\/image\/\"}}]}<\/script>\n<!-- \/ Yoast SEO plugin. -->","yoast_head_json":{"title":"W\u00e4hrungsgold - Goldsparplan Vergleich","robots":{"index":"index","follow":"follow","max-snippet":"max-snippet:-1","max-image-preview":"max-image-preview:large","max-video-preview":"max-video-preview:-1"},"canonical":"https:\/\/goldsparplan24.com\/blog\/waehrungsgold","og_locale":"de_DE","og_type":"article","og_title":"W\u00e4hrungsgold - Goldsparplan Vergleich","og_description":"&#8222;W\u00e4hrungsgold&#8220; ist aufgrund der kleinen St\u00fcckelungen und des daraus folgenden wesentlich h\u00f6heren Spreads (Differenz zwischen An- und Verkauf) zur Goldanlage eher nicht geeignet, sondern dient in erster Linie daf\u00fcr, um in m\u00f6glichen Worst-Case-Szenarien jederzeit handlungsf\u00e4hig zu sein. Solche kleine Barren, &hellip; Weiterlesen &rarr;","og_url":"https:\/\/goldsparplan24.com\/blog\/waehrungsgold","og_site_name":"Goldsparplan Vergleich","article_modified_time":"2022-06-17T03:40:34+00:00","twitter_card":"summary_large_image","twitter_misc":{"Gesch\u00e4tzte Lesezeit":"1\u00a0Minute"},"schema":{"@context":"https:\/\/schema.org","@graph":[{"@type":"WebPage","@id":"https:\/\/goldsparplan24.com\/blog\/waehrungsgold","url":"https:\/\/goldsparplan24.com\/blog\/waehrungsgold","name":"W\u00e4hrungsgold - Goldsparplan Vergleich","isPartOf":{"@id":"https:\/\/goldsparplan24.com\/blog\/#website"},"datePublished":"2015-08-01T18:01:40+00:00","dateModified":"2022-06-17T03:40:34+00:00","breadcrumb":{"@id":"https:\/\/goldsparplan24.com\/blog\/waehrungsgold#breadcrumb"},"inLanguage":"de","potentialAction":[{"@type":"ReadAction","target":["https:\/\/goldsparplan24.com\/blog\/waehrungsgold"]}]},{"@type":"BreadcrumbList","@id":"https:\/\/goldsparplan24.com\/blog\/waehrungsgold#breadcrumb","itemListElement":[{"@type":"ListItem","position":1,"name":"Startseite","item":"https:\/\/goldsparplan24.com\/blog"},{"@type":"ListItem","position":2,"name":"W\u00e4hrungsgold"}]},{"@type":"WebSite","@id":"https:\/\/goldsparplan24.com\/blog\/#website","url":"https:\/\/goldsparplan24.com\/blog\/","name":"Goldsparplan Vergleich","description":"die jeweils 2 besten Anbieter \u2713","publisher":{"@id":"https:\/\/goldsparplan24.com\/blog\/#\/schema\/person\/b70c43d2c47cbd942d028809f1cfca37"},"potentialAction":[{"@type":"SearchAction","target":{"@type":"EntryPoint","urlTemplate":"https:\/\/goldsparplan24.com\/blog\/?s={search_term_string}"},"query-input":{"@type":"PropertyValueSpecification","valueRequired":true,"valueName":"search_term_string"}}],"inLanguage":"de"},{"@type":["Person","Organization"],"@id":"https:\/\/goldsparplan24.com\/blog\/#\/schema\/person\/b70c43d2c47cbd942d028809f1cfca37","name":"admin","image":{"@type":"ImageObject","inLanguage":"de","@id":"https:\/\/goldsparplan24.com\/blog\/#\/schema\/person\/image\/","url":"https:\/\/goldsparplan24.com\/blog\/wp-content\/uploads\/2014\/10\/matthias-schwarz-wei\u00df.jpg","contentUrl":"https:\/\/goldsparplan24.com\/blog\/wp-content\/uploads\/2014\/10\/matthias-schwarz-wei\u00df.jpg","width":531,"height":709,"caption":"admin"},"logo":{"@id":"https:\/\/goldsparplan24.com\/blog\/#\/schema\/person\/image\/"}}]}},"_links":{"self":[{"href":"https:\/\/goldsparplan24.com\/blog\/wp-json\/wp\/v2\/pages\/4124","targetHints":{"allow":["GET"]}}],"collection":[{"href":"https:\/\/goldsparplan24.com\/blog\/wp-json\/wp\/v2\/pages"}],"about":[{"href":"https:\/\/goldsparplan24.com\/blog\/wp-json\/wp\/v2\/types\/page"}],"author":[{"embeddable":true,"href":"https:\/\/goldsparplan24.com\/blog\/wp-json\/wp\/v2\/users\/1"}],"replies":[{"embeddable":true,"href":"https:\/\/goldsparplan24.com\/blog\/wp-json\/wp\/v2\/comments?post=4124"}],"version-history":[{"count":9,"href":"https:\/\/goldsparplan24.com\/blog\/wp-json\/wp\/v2\/pages\/4124\/revisions"}],"predecessor-version":[{"id":4755,"href":"https:\/\/goldsparplan24.com\/blog\/wp-json\/wp\/v2\/pages\/4124\/revisions\/4755"}],"wp:attachment":[{"href":"https:\/\/goldsparplan24.com\/blog\/wp-json\/wp\/v2\/media?parent=4124"}],"curies":[{"name":"wp","href":"https:\/\/api.w.org\/{rel}","templated":true}]}}